{"id":7,"date":"2022-10-23T13:45:29","date_gmt":"2022-10-23T13:45:29","guid":{"rendered":"http:\/\/muvtkorhmv.x3.hu\/wordpress\/?page_id=7"},"modified":"2023-01-08T20:26:24","modified_gmt":"2023-01-08T19:26:24","slug":"koszonto","status":"publish","type":"page","link":"http:\/\/artpagony.hu\/wordpress\/?page_id=7","title":{"rendered":"K\u00f6sz\u00f6nt\u0151"},"content":{"rendered":"<p><strong>Tisztelt \u00c9rdekl\u0151d\u0151k, kedves Olvas\u00f3ink!<\/strong><\/p>\n<p>A H\u00f3dmez\u0151v\u00e1s\u00e1rhelyen m\u0171k\u00f6d\u0151 Art.Pagony M\u0171v\u00e9szett\u00f6rt\u00e9neti \u00d6nk\u00e9pz\u0151k\u00f6r ez\u00faton aj\u00e1nlja figyelm\u00fckbe honlapj\u00e1t!<br \/>\nK\u00f6r\u00fcnk 2005, azaz 17 esztend\u0151 \u00f3ta m\u0171k\u00f6dik H\u00f3dmez\u0151v\u00e1s\u00e1rhelyen, ahol a N\u00e9meth L\u00e1szl\u00f3 V\u00e1rosi K\u00f6nyvt\u00e1r ad otthont neki. A foglalkoz\u00e1sok h\u00e9tr\u0151l h\u00e9tre zajlanak, p\u00e9ntekenk\u00e9nt, 9.30 \u00e9s 11 \u00f3ra k\u00f6z\u00f6tt, tagl\u00e9tsz\u00e1munk 26 f\u0151. Csoportunk f\u0151k\u00e9nt id\u0151sebb, nyugd\u00edjas kor\u00fa tagokb\u00f3l \u00e1ll, akik teh\u00e1t k\u00f6nnyebben teszik szabadd\u00e1 idej\u00fcket ak\u00e1r d\u00e9lel\u0151tt is. \u00d3r\u00e1t elhagyni sosem szoktunk. M\u00f3dszeresen, kisel\u0151ad\u00e1sok \u00e9s prezent\u00e1ci\u00f3k ment\u00e9n haladunk el\u0151re a nagy m\u0171v\u00e9szett\u00f6rt\u00e9neti korszakokban. Pillanatnyilag a k\u00e9s\u0151-barokk, rokok\u00f3 \u00e9s copf id\u0151szakain\u00e1l tartunk. Idei (\u00e9vi rendes) Ny\u00edlt Foglalkoz\u00e1sunkat is e t\u00e1rgyk\u00f6rb\u0151l tartjuk, hogy azt k\u00f6vet\u0151leg hozz\u00e1l\u00e1ssunk\u00a0 a felvil\u00e1gosod\u00e1s \u00e9s klasszicizmus nagy korszak\u00e1hoz.<br \/>\nA heti \u00f3rai munk\u00e1n k\u00edv\u00fcl bel- \u00e9s k\u00fclf\u00f6ldi kir\u00e1ndul\u00e1sokat, folyamatos helyi \u00e9s vid\u00e9ki<br \/>\nm\u00fazeuml\u00e1togat\u00e1sokat illeszt\u00fcnk programunkba, s j\u00e1rjuk a helyi ki\u00e1ll\u00edt\u00e1sokat is.<\/p>\n<p>Honlapunkat 2009 \u00f3ta m\u0171k\u00f6dtetj\u00fck, s most k\u00e9sz\u00fcl\u00fcnk meg\u00faj\u00edtani. F\u0151 c\u00e9lunk, hogy r\u00f6gz\u00edts\u00fck az eddig elv\u00e9gzett s m\u00e9g elv\u00e9gzend\u0151 szakmai munk\u00e1kat; m\u00e1sfel\u0151l szeretn\u00e9nk 17 esztendeje tart\u00f3 tanulm\u00e1nyaink gy\u00fcm\u00f6lcseit prezent\u00e1ci\u00f3k \u00e9s kisel\u0151ad\u00e1sok form\u00e1j\u00e1ban a nagyk\u00f6z\u00f6ns\u00e9g el\u00e9 bocs\u00e1tani.<br \/>\nNem vagyunk m\u0171v\u00e9szett\u00f6rt\u00e9n\u00e9szek, de elk\u00f6telezetten, igyekv\u0151 alaposs\u00e1ggal k\u00e9sz\u00fcl\u00fcnk<br \/>\nrefer\u00e1tumainkra, komoly szakk\u00f6nyvekb\u0151l dolgozunk. Azt rem\u00e9lj\u00fck, hogy nyilv\u00e1noss\u00e1gra<br \/>\nbocs\u00e1tott anyagainkb\u00f3l olvas\u00f3ink is haszn\u00e1lni tudnak majd egyet-m\u00e1st.<br \/>\nJ\u00f3 keresg\u00e9l\u00e9st, olvasgat\u00e1st, t\u0171n\u0151d\u00e9st \u00e9s felfedez\u00e9seket k\u00edv\u00e1n<\/p>\n<p>habil. PhD Cserj\u00e9s Katalin nyug. egyetemi docens (SZTE BTK)<br \/>\n\u00e9s az Art.Pagony csapata<\/p>\n<p>H\u00f3dmez\u0151v\u00e1s\u00e1rhely, 2022. november 12.<\/p>\n","protected":false},"excerpt":{"rendered":"<p>Tisztelt \u00c9rdekl\u0151d\u0151k, kedves Olvas\u00f3ink! A H\u00f3dmez\u0151v\u00e1s\u00e1rhelyen m\u0171k\u00f6d\u0151 Art.Pagony M\u0171v\u00e9szett\u00f6rt\u00e9neti \u00d6nk\u00e9pz\u0151k\u00f6r ez\u00faton aj\u00e1nlja figyelm\u00fckbe honlapj\u00e1t! K\u00f6r\u00fcnk 2005, azaz 17 esztend\u0151 \u00f3ta m\u0171k\u00f6dik H\u00f3dmez\u0151v\u00e1s\u00e1rhelyen, ahol a N\u00e9meth L\u00e1szl\u00f3 V\u00e1rosi K\u00f6nyvt\u00e1r ad otthont neki. A foglalkoz\u00e1sok h\u00e9tr\u0151l h\u00e9tre zajlanak, p\u00e9ntekenk\u00e9nt, 9.30 \u00e9s 11 &hellip; <a href=\"http:\/\/artpagony.hu\/wordpress\/?page_id=7\">Egy kattint\u00e1s ide a folytat\u00e1shoz&#8230;. <span class=\"meta-nav\">&rarr;<\/span><\/a><\/p>\n","protected":false},"author":1,"featured_media":0,"parent":0,"menu_order":0,"comment_status":"closed","ping_status":"closed","template":"","meta":{"footnotes":""},"class_list":["post-7","page","type-page","status-publish","hentry"],"_links":{"self":[{"href":"http:\/\/artpagony.hu\/wordpress\/index.php?rest_route=\/wp\/v2\/pages\/7","targetHints":{"allow":["GET"]}}],"collection":[{"href":"http:\/\/artpagony.hu\/wordpress\/index.php?rest_route=\/wp\/v2\/pages"}],"about":[{"href":"http:\/\/artpagony.hu\/wordpress\/index.php?rest_route=\/wp\/v2\/types\/page"}],"author":[{"embeddable":true,"href":"http:\/\/artpagony.hu\/wordpress\/index.php?rest_route=\/wp\/v2\/users\/1"}],"replies":[{"embeddable":true,"href":"http:\/\/artpagony.hu\/wordpress\/index.php?rest_route=%2Fwp%2Fv2%2Fcomments&post=7"}],"version-history":[{"count":3,"href":"http:\/\/artpagony.hu\/wordpress\/index.php?rest_route=\/wp\/v2\/pages\/7\/revisions"}],"predecessor-version":[{"id":835,"href":"http:\/\/artpagony.hu\/wordpress\/index.php?rest_route=\/wp\/v2\/pages\/7\/revisions\/835"}],"wp:attachment":[{"href":"http:\/\/artpagony.hu\/wordpress\/index.php?rest_route=%2Fwp%2Fv2%2Fmedia&parent=7"}],"curies":[{"name":"wp","href":"https:\/\/api.w.org\/{rel}","templated":true}]}}